{"id":1596,"date":"2024-05-09T12:41:28","date_gmt":"2024-05-09T10:41:28","guid":{"rendered":"https:\/\/epiladerma.styleinc.eu\/ofte-stillede-spoergsmaal\/"},"modified":"2024-07-08T13:12:34","modified_gmt":"2024-07-08T11:12:34","slug":"ofte-stillede-spoergsmaal","status":"publish","type":"page","link":"https:\/\/www.epiladerma.de\/da\/ofte-stillede-spoergsmaal\/","title":{"rendered":"Ofte stillede sp\u00f8rgsm\u00e5l"},"content":{"rendered":"<p>[et_pb_section fb_built=&#8221;1&#8243; custom_padding_last_edited=&#8221;on|tablet&#8221; admin_label=&#8221;FAQ Section&#8221; module_class=&#8221;faq-section&#8221; _builder_version=&#8221;4.25.1&#8243; _module_preset=&#8221;default&#8221; custom_padding=&#8221;228px||61px||false|false&#8221; custom_padding_tablet=&#8221;147px||0px||false|false&#8221; custom_padding_phone=&#8221;108px||0px||false|false&#8221; locked=&#8221;off&#8221; global_colors_info=&#8221;{}&#8221;][et_pb_row _builder_version=&#8221;4.25.0&#8243; _module_preset=&#8221;default&#8221; custom_padding=&#8221;0px||0px||true|false&#8221; global_colors_info=&#8221;{}&#8221;][et_pb_column type=&#8221;4_4&#8243; _builder_version=&#8221;4.25.0&#8243; _module_preset=&#8221;default&#8221; global_colors_info=&#8221;{}&#8221;][et_pb_text admin_label=&#8221;FAQ&#8221; _builder_version=&#8221;4.25.0&#8243; _module_preset=&#8221;default&#8221; header_2_text_align=&#8221;center&#8221; custom_margin=&#8221;||21px||false|false&#8221; custom_margin_tablet=&#8221;||11px||false|false&#8221; custom_margin_phone=&#8221;||11px||false|false&#8221; custom_margin_last_edited=&#8221;on|tablet&#8221; animation_style=&#8221;slide&#8221; animation_direction=&#8221;bottom&#8221; animation_intensity_slide=&#8221;20%&#8221; global_colors_info=&#8221;{}&#8221;]<\/p>\n<h2>Ofte stillede sp\u00f8rgsm\u00e5l<\/h2>\n<p>[\/et_pb_text][\/et_pb_column][\/et_pb_row][et_pb_row use_custom_gutter=&#8221;on&#8221; gutter_width=&#8221;1&#8243; _builder_version=&#8221;4.25.0&#8243; _module_preset=&#8221;default&#8221; max_width=&#8221;1000px&#8221; custom_padding=&#8221;0px||0px||false|false&#8221; custom_css_main_element=&#8221;overflow: hidden;&#8221; global_colors_info=&#8221;{}&#8221;][et_pb_column type=&#8221;4_4&#8243; _builder_version=&#8221;4.25.0&#8243; _module_preset=&#8221;default&#8221; global_colors_info=&#8221;{}&#8221;][et_pb_accordion _builder_version=&#8221;4.25.0&#8243; _module_preset=&#8221;default&#8221; z_index=&#8221;10&#8243; module_alignment=&#8221;center&#8221; custom_margin=&#8221;||46px||false|false&#8221; animation_style=&#8221;slide&#8221; animation_direction=&#8221;bottom&#8221; animation_intensity_slide=&#8221;1%&#8221; global_colors_info=&#8221;{}&#8221;][et_pb_accordion_item title=&#8221;1 Hvad er forskellen mellem IPL og laserh\u00e5rfjerning?&#8221; open=&#8221;on&#8221; _builder_version=&#8221;4.25.0&#8243; _module_preset=&#8221;default&#8221; global_colors_info=&#8221;{}&#8221;]IPL bruger bredb\u00e5ndslys til at opvarme h\u00e5rs\u00e6kkene, mens laser bruger lys med en bestemt b\u00f8lgel\u00e6ngde, som tr\u00e6nger dybere ind i huden og er mere pr\u00e6cis. Begge dele er effektive, men valget afh\u00e6nger ofte af din hud- og h\u00e5rtype.[\/et_pb_accordion_item][et_pb_accordion_item title=&#8221;2. Er behandlingen smertefuld?&#8221; _builder_version=&#8221;4.25.0&#8243; _module_preset=&#8221;default&#8221; global_colors_info=&#8221;{}&#8221; open=&#8221;off&#8221;]Fornemmelsen varierer, men mange kunder beskriver f\u00f8lelsen som et lille klem. Vi bruger k\u00f8lemetoder for at minimere ubehaget.[\/et_pb_accordion_item][et_pb_accordion_item title=&#8221;3. Hvor mange sessioner har jeg brug for?&#8221; _builder_version=&#8221;4.25.0&#8243; _module_preset=&#8221;default&#8221; global_colors_info=&#8221;{}&#8221; open=&#8221;off&#8221;]De fleste klienter har brug for seks til otte sessioner for at opn\u00e5 optimale resultater. Dette kan dog variere afh\u00e6ngigt af behandlingsomr\u00e5det og h\u00e5rtypen.[\/et_pb_accordion_item][et_pb_accordion_item title=&#8221;4 Hvor l\u00e6nge varer en session?&#8221; _builder_version=&#8221;4.25.0&#8243; _module_preset=&#8221;default&#8221; global_colors_info=&#8221;{}&#8221; open=&#8221;off&#8221;]Det afh\u00e6nger af st\u00f8rrelsen p\u00e5 det omr\u00e5de, der skal behandles. Sm\u00e5 omr\u00e5der som f.eks. overl\u00e6ben kan behandles p\u00e5 f\u00e5 minutter, mens st\u00f8rre omr\u00e5der som f.eks. benene kan tage l\u00e6ngere tid.[\/et_pb_accordion_item][et_pb_accordion_item title=&#8221;5. Er der nogen bivirkninger?&#8221; _builder_version=&#8221;4.25.0&#8243; _module_preset=&#8221;default&#8221; global_colors_info=&#8221;{}&#8221; open=&#8221;off&#8221;]Der kan opst\u00e5 let r\u00f8dme eller h\u00e6velse, men det forsvinder normalt i l\u00f8bet af et par timer. Vi s\u00f8rger for, at alt bliver gjort for at beskytte huden og minimere bivirkningerne.[\/et_pb_accordion_item][et_pb_accordion_item title=&#8221;6 Hvad skal jeg v\u00e6re opm\u00e6rksom p\u00e5 f\u00f8r og efter behandlingen?&#8221; _builder_version=&#8221;4.25.0&#8243; _module_preset=&#8221;default&#8221; global_colors_info=&#8221;{}&#8221; open=&#8221;off&#8221;]Undg\u00e5 soleksponering, solarium og selvbruner i mindst to uger f\u00f8r og efter behandlingen. Det er ogs\u00e5 vigtigt ikke at irritere huden, f.eks. ved ikke at bruge eksfolierende produkter.[\/et_pb_accordion_item][et_pb_accordion_item title=&#8221;7. Kan alle h\u00e5r- og hudtyper behandles?&#8221; _builder_version=&#8221;4.25.0&#8243; _module_preset=&#8221;default&#8221; global_colors_info=&#8221;{}&#8221; open=&#8221;off&#8221;]Moderne teknologier g\u00f8r det muligt at behandle et bredere udvalg af hud- og h\u00e5rtyper, men de bedste resultater opn\u00e5s ofte p\u00e5 mennesker med lys hud og m\u00f8rkt h\u00e5r. Vi tilbyder en gratis konsultation for at vurdere din egnethed.[\/et_pb_accordion_item][et_pb_accordion_item title=&#8221;8 Hvor l\u00e6nge holder resultaterne?&#8221; _builder_version=&#8221;4.25.0&#8243; _module_preset=&#8221;default&#8221; global_colors_info=&#8221;{}&#8221; open=&#8221;off&#8221;]Mange kunder oplever en langvarig h\u00e5rreduktion, som kan vare i flere \u00e5r. Det kan v\u00e6re n\u00f8dvendigt med regelm\u00e6ssige genopfriskningssessioner for at bevare resultaterne.[\/et_pb_accordion_item][et_pb_accordion_item title=&#8221;9. Kan jeg barbere mig mellem sessionerne?&#8221; _builder_version=&#8221;4.25.0&#8243; _module_preset=&#8221;default&#8221; global_colors_info=&#8221;{}&#8221; open=&#8221;off&#8221;]Ja, barbering er tilladt, men andre h\u00e5rfjerningsmetoder, der fjerner h\u00e5ret ved roden, som f.eks. voksning eller plukning, b\u00f8r undg\u00e5s.[\/et_pb_accordion_item][et_pb_accordion_item title=&#8221;10 Hvad koster en behandling?&#8221; _builder_version=&#8221;4.25.0&#8243; _module_preset=&#8221;default&#8221; global_colors_info=&#8221;{}&#8221; open=&#8221;off&#8221;]Omkostningerne varierer afh\u00e6ngigt af behandlingsomr\u00e5det og antallet af n\u00f8dvendige sessioner. Vi tilbyder pakkepriser og s\u00e6sonbestemte kampagner for at g\u00f8re behandlingen mere overkommelig.[\/et_pb_accordion_item][et_pb_accordion_item title=&#8221;11 Hvor sikker er behandlingen?&#8221; _builder_version=&#8221;4.25.0&#8243; _module_preset=&#8221;default&#8221; global_colors_info=&#8221;{}&#8221; open=&#8221;off&#8221;]IPL- og laserbehandlinger er meget sikre, n\u00e5r de udf\u00f8res af en kvalificeret fagperson. Vi sikrer, at alle sikkerhedsprotokoller f\u00f8lges for at garantere dit velbefindende.[\/et_pb_accordion_item][et_pb_accordion_item title=&#8221;12. Kan jeg g\u00e5 p\u00e5 arbejde umiddelbart efter behandlingen?&#8221; _builder_version=&#8221;4.25.0&#8243; _module_preset=&#8221;default&#8221; global_colors_info=&#8221;{}&#8221; open=&#8221;off&#8221;]Ja, de fleste klienter kan genoptage deres normale aktiviteter umiddelbart efter behandlingen, da der normalt ikke er nogen nedetid. Det anbefales dog at undg\u00e5 kraftig fysisk aktivitet i de f\u00f8rste 24 timer.[\/et_pb_accordion_item][\/et_pb_accordion][\/et_pb_column][\/et_pb_row][\/et_pb_section]<\/p>\n","protected":false},"excerpt":{"rendered":"<p>Ofte stillede sp\u00f8rgsm\u00e5lIPL bruger bredb\u00e5ndslys til at opvarme h\u00e5rs\u00e6kkene, mens laser bruger lys med en bestemt b\u00f8lgel\u00e6ngde, som tr\u00e6nger dybere ind i huden og er mere pr\u00e6cis. Begge dele er effektive, men valget afh\u00e6nger ofte af din hud- og h\u00e5rtype.Fornemmelsen varierer, men mange kunder beskriver f\u00f8lelsen som et lille klem. Vi bruger k\u00f8lemetoder for at [&hellip;]<\/p>\n","protected":false},"author":2,"featured_media":0,"parent":0,"menu_order":0,"comment_status":"closed","ping_status":"closed","template":"","meta":{"_et_pb_use_builder":"on","_et_pb_old_content":"","_et_gb_content_width":"","inline_featured_image":false,"footnotes":""},"class_list":["post-1596","page","type-page","status-publish","hentry"],"_links":{"self":[{"href":"https:\/\/www.epiladerma.de\/da\/wp-json\/wp\/v2\/pages\/1596","targetHints":{"allow":["GET"]}}],"collection":[{"href":"https:\/\/www.epiladerma.de\/da\/wp-json\/wp\/v2\/pages"}],"about":[{"href":"https:\/\/www.epiladerma.de\/da\/wp-json\/wp\/v2\/types\/page"}],"author":[{"embeddable":true,"href":"https:\/\/www.epiladerma.de\/da\/wp-json\/wp\/v2\/users\/2"}],"replies":[{"embeddable":true,"href":"https:\/\/www.epiladerma.de\/da\/wp-json\/wp\/v2\/comments?post=1596"}],"version-history":[{"count":2,"href":"https:\/\/www.epiladerma.de\/da\/wp-json\/wp\/v2\/pages\/1596\/revisions"}],"predecessor-version":[{"id":1911,"href":"https:\/\/www.epiladerma.de\/da\/wp-json\/wp\/v2\/pages\/1596\/revisions\/1911"}],"wp:attachment":[{"href":"https:\/\/www.epiladerma.de\/da\/wp-json\/wp\/v2\/media?parent=1596"}],"curies":[{"name":"wp","href":"https:\/\/api.w.org\/{rel}","templated":true}]}}