{"id":1597,"date":"2024-04-30T11:44:51","date_gmt":"2024-04-30T09:44:51","guid":{"rendered":"https:\/\/epiladerma.styleinc.eu\/kontakt-os\/"},"modified":"2024-07-05T15:52:45","modified_gmt":"2024-07-05T13:52:45","slug":"kontakt","status":"publish","type":"page","link":"https:\/\/www.epiladerma.de\/da\/kontakt\/","title":{"rendered":"Kontakt os"},"content":{"rendered":"<p>[et_pb_section fb_built=&#8221;1&#8243; admin_label=&#8221;Body Section&#8221; module_class=&#8221;contact-section&#8221; _builder_version=&#8221;4.25.1&#8243; _module_preset=&#8221;default&#8221; background_color=&#8221;gcid-57d11f15-cc73-4093-8808-a4c8524a838e&#8221; custom_padding=&#8221;0px||0px||true|false&#8221; global_colors_info=&#8221;{%22gcid-57d11f15-cc73-4093-8808-a4c8524a838e%22:%91%22background_color%22%93}&#8221;][et_pb_row column_structure=&#8221;2_3,1_3&#8243; use_custom_gutter=&#8221;on&#8221; gutter_width=&#8221;1&#8243; make_equal=&#8221;on&#8221; custom_padding_last_edited=&#8221;on|phone&#8221; _builder_version=&#8221;4.25.2&#8243; _module_preset=&#8221;default&#8221; width=&#8221;100%&#8221; max_width=&#8221;100%&#8221; custom_padding=&#8221;150px|60px|150px|60px|false|true&#8221; custom_padding_tablet=&#8221;158px|10%|80px|10%|false|true&#8221; custom_padding_phone=&#8221;116px|10%|60px|10%|false|true&#8221; global_colors_info=&#8221;{}&#8221;][et_pb_column type=&#8221;2_3&#8243; _builder_version=&#8221;4.25.2&#8243; _module_preset=&#8221;default&#8221; background_color=&#8221;#FFFFFF&#8221; custom_padding=&#8221;50px|60px|33px|60px|false|true&#8221; custom_padding_tablet=&#8221;50px|60px|40px|60px|false|true&#8221; custom_padding_phone=&#8221;22px|30px|30px|30px|false|true&#8221; custom_padding_last_edited=&#8221;on|tablet&#8221; border_radii=&#8221;on|10px|10px|10px|10px&#8221; global_colors_info=&#8221;{}&#8221;][et_pb_text admin_label=&#8221;Wann begeben Sie sich in unsere H\u00e4nde?&#8221; _builder_version=&#8221;4.25.0&#8243; _module_preset=&#8221;default&#8221; custom_margin=&#8221;||13px||false|false&#8221; custom_margin_tablet=&#8221;||3px||false|false&#8221; custom_margin_phone=&#8221;||3px||false|false&#8221; custom_margin_last_edited=&#8221;on|tablet&#8221; animation_style=&#8221;slide&#8221; animation_direction=&#8221;bottom&#8221; animation_intensity_slide=&#8221;20%&#8221; global_colors_info=&#8221;{}&#8221;]<\/p>\n<h3>Hvorn\u00e5r l\u00e6gger du dig i <span>vores h\u00e6nder<\/span>?<\/h3>\n<p>[\/et_pb_text][et_pb_text admin_label=&#8221;Sie m\u00f6chten den Schritt wagen und sich&#8230;&#8221; _builder_version=&#8221;4.25.2&#8243; _module_preset=&#8221;default&#8221; custom_margin=&#8221;||30px||false|false&#8221; custom_margin_tablet=&#8221;||23px||false|false&#8221; custom_margin_phone=&#8221;||13px||false|false&#8221; custom_margin_last_edited=&#8221;on|tablet&#8221; animation_style=&#8221;slide&#8221; animation_direction=&#8221;bottom&#8221; animation_intensity_slide=&#8221;20%&#8221; global_colors_info=&#8221;{}&#8221;]<\/p>\n<p>Vil du gerne tage springet og endelig slippe af med dit irriterende h\u00e5r? Har du stadig sp\u00f8rgsm\u00e5l, vil du gerne lave eller flytte en aftale? Eller har du allerede truffet en beslutning og har bare brug for en skr\u00e6ddersyet behandlingsplan? Ring til os, eller send os en e-mail via vores kontaktformular &#8211; en bl\u00f8d og glat hudf\u00f8lelse venter allerede p\u00e5 dig.<\/p>\n<p>[\/et_pb_text][et_pb_code admin_label=&#8221;Contact Form&#8221; _builder_version=&#8221;4.25.2&#8243; _module_preset=&#8221;default&#8221; animation_style=&#8221;slide&#8221; animation_direction=&#8221;bottom&#8221; animation_intensity_slide=&#8221;10%&#8221; global_colors_info=&#8221;{}&#8221;]\n<div class=\"wpcf7 no-js\" id=\"wpcf7-f1705-o1\" lang=\"da-DK\" dir=\"ltr\" data-wpcf7-id=\"1705\">\n<div class=\"screen-reader-response\"><p role=\"status\" aria-live=\"polite\" aria-atomic=\"true\"><\/p> <ul><\/ul><\/div>\n<form action=\"\/da\/wp-json\/wp\/v2\/pages\/1597#wpcf7-f1705-o1\" method=\"post\" class=\"wpcf7-form init wpcf7-acceptance-as-validation\" aria-label=\"Kontaktformular\" novalidate=\"novalidate\" data-status=\"init\">\n<fieldset class=\"hidden-fields-container\"><input type=\"hidden\" name=\"_wpcf7\" value=\"1705\" \/><input type=\"hidden\" name=\"_wpcf7_version\" value=\"6.1.5\" \/><input type=\"hidden\" name=\"_wpcf7_locale\" value=\"da_DK\" \/><input type=\"hidden\" name=\"_wpcf7_unit_tag\" value=\"wpcf7-f1705-o1\" \/><input type=\"hidden\" name=\"_wpcf7_container_post\" value=\"0\" \/><input type=\"hidden\" name=\"_wpcf7_posted_data_hash\" value=\"\" \/>\n<\/fieldset>\n<div class=\"form-row\">\n\t<div class=\"form-twocol\">\n\t\t<p><span class=\"wpcf7-form-control-wrap\" data-name=\"your-name\"><input size=\"40\" maxlength=\"400\" class=\"wpcf7-form-control wpcf7-text wpcf7-validates-as-required\" aria-required=\"true\" aria-invalid=\"false\" placeholder=\"Navn\" value=\"\" type=\"text\" name=\"your-name\" \/><\/span>\n\t\t<\/p>\n\t<\/div>\n\t<div class=\"form-twocol\">\n\t\t<p><span class=\"wpcf7-form-control-wrap\" data-name=\"email-address\"><input size=\"40\" maxlength=\"400\" class=\"wpcf7-form-control wpcf7-email wpcf7-validates-as-required wpcf7-text wpcf7-validates-as-email\" aria-required=\"true\" aria-invalid=\"false\" placeholder=\"E-mail-adresse\" value=\"\" type=\"email\" name=\"email-address\" \/><\/span>\n\t\t<\/p>\n\t<\/div>\n<\/div>\n<div class=\"form-row\">\n\t<div class=\"form-onecol\">\n\t\t<p><span class=\"wpcf7-form-control-wrap\" data-name=\"phone-number\"><input size=\"40\" maxlength=\"400\" class=\"wpcf7-form-control wpcf7-tel wpcf7-validates-as-required wpcf7-text wpcf7-validates-as-tel\" aria-required=\"true\" aria-invalid=\"false\" placeholder=\"Telefonnummer\" value=\"\" type=\"tel\" name=\"phone-number\" \/><\/span>\n\t\t<\/p>\n\t<\/div>\n<\/div>\n<div class=\"form-row msg\">\n\t<div class=\"form-onecol\">\n\t\t<p><span class=\"wpcf7-form-control-wrap\" data-name=\"message\"><textarea cols=\"40\" rows=\"10\" maxlength=\"2000\" class=\"wpcf7-form-control wpcf7-textarea wpcf7-validates-as-required\" aria-required=\"true\" aria-invalid=\"false\" placeholder=\"Besked\" name=\"message\"><\/textarea><\/span>\n\t\t<\/p>\n\t<\/div>\n<\/div>\n<div class=\"form-row checkbox\">\n\t<div class=\"form-onecol\">\n\t\t<p><span class=\"wpcf7-form-control-wrap\" data-name=\"gdpr-acceptance\"><span class=\"wpcf7-form-control wpcf7-acceptance\"><span class=\"wpcf7-list-item\"><label><input type=\"checkbox\" name=\"gdpr-acceptance\" value=\"1\" aria-invalid=\"false\" \/><span class=\"wpcf7-list-item-label\">Jeg har l\u00e6st <a href=\"\/da\/beskyttelse-af-data\/\">privatlivspolitikken<\/a>.<\/span><\/label><\/span><\/span><\/span>\n\t\t<\/p>\n\t<\/div>\n<\/div>\n<div class=\"form-row submit-row\">\n\t<div class=\"form-onecol\">\n\t\t<div class=\"submit-wrap-captcha\">\n\t\t\t<div class=\"submit-btn\">\n\t\t\t\t<p><input class=\"wpcf7-form-control wpcf7-submit has-spinner\" type=\"submit\" value=\"Afsendelse\" \/>\n\t\t\t\t<\/p>\n\t\t\t\t<div class=\"btn-circle\">\n\t\t\t\t<\/div>\n\t\t\t<\/div>\n\t\t<\/div>\n\t<\/div>\n<\/div><div class=\"wpcf7-response-output\" aria-hidden=\"true\"><\/div>\n<\/form>\n<\/div>\n[\/et_pb_code][\/et_pb_column][et_pb_column type=&#8221;1_3&#8243; _builder_version=&#8221;4.25.0&#8243; _module_preset=&#8221;default&#8221; custom_padding_tablet=&#8221;40px||||false|false&#8221; custom_padding_phone=&#8221;30px||||false|false&#8221; custom_padding_last_edited=&#8221;on|tablet&#8221; global_colors_info=&#8221;{}&#8221;][et_pb_text admin_label=&#8221;Erreichen Sie uns&#8221; module_class=&#8221;contact-reach-out&#8221; _builder_version=&#8221;4.26.0&#8243; _module_preset=&#8221;default&#8221; header_4_text_color=&#8221;#FFFFFF&#8221; background_color=&#8221;gcid-secondary-color&#8221; custom_margin=&#8221;|||40px|false|false&#8221; custom_margin_tablet=&#8221;|||0px|false|false&#8221; custom_margin_phone=&#8221;|||0px|false|false&#8221; custom_margin_last_edited=&#8221;on|tablet&#8221; custom_padding=&#8221;50px|60px|48px|60px|false|true&#8221; custom_padding_tablet=&#8221;50px|60px|48px|60px|false|true&#8221; custom_padding_phone=&#8221;23px|30px|18px|30px|false|true&#8221; custom_padding_last_edited=&#8221;on|tablet&#8221; animation_style=&#8221;slide&#8221; animation_direction=&#8221;bottom&#8221; animation_intensity_slide=&#8221;10%&#8221; border_radii=&#8221;on|10px|10px|10px|10px&#8221; global_colors_info=&#8221;{%22gcid-secondary-color%22:%91%22background_color%22%93}&#8221;]<\/p>\n<h4>F\u00e5 fat i os<\/h4>\n<p><a href=\"mailto:info@epiladerma.de\">info@epiladerma.de<\/a><br \/>\n<a href=\"tel:+492046082%2064%20149\">+49 4608 21 64 149<\/a><br \/>\n<a target=\"_blank\" rel=\"noopener\" href=\"https:\/\/maps.app.goo.gl\/D53tjpMqnMH6mvj46\" class=\"map-link\">K\u00f8rselsvejledning p\u00e5 Google Maps<\/a>[\/et_pb_text][et_pb_code admin_label=&#8221;Map Iframe&#8221; module_class=&#8221;contact-map&#8221; _builder_version=&#8221;4.26.0&#8243; _module_preset=&#8221;default&#8221; background_image=&#8221;https:\/\/www.epiladerma.de\/wp-content\/uploads\/2024\/07\/epiladerma-location-map.jpg&#8221; custom_margin=&#8221;40px|||40px|false|false&#8221; custom_margin_tablet=&#8221;40px|||0px|false|false&#8221; custom_margin_phone=&#8221;30px|||0px|false|false&#8221; custom_margin_last_edited=&#8221;on|tablet&#8221; animation_style=&#8221;slide&#8221; animation_direction=&#8221;bottom&#8221; animation_intensity_slide=&#8221;5%&#8221; hover_enabled=&#8221;0&#8243; custom_css_main_element=&#8221;overflow: hidden;&#8221; border_radii=&#8221;on|10px|10px|10px|10px&#8221; border_width_all=&#8221;1px&#8221; border_color_all=&#8221;rgba(8,103,136,0.4)&#8221; global_colors_info=&#8221;{}&#8221; title_text=&#8221;epiladerma-location-map&#8221; sticky_enabled=&#8221;0&#8243;][\/et_pb_code][\/et_pb_column][\/et_pb_row][\/et_pb_section]<\/p>\n","protected":false},"excerpt":{"rendered":"<p>Hvorn\u00e5r l\u00e6gger du dig i vores h\u00e6nder?Vil du gerne tage springet og endelig slippe af med dit irriterende h\u00e5r? Har du stadig sp\u00f8rgsm\u00e5l, vil du gerne lave eller flytte en aftale? Eller har du allerede truffet en beslutning og har bare brug for en skr\u00e6ddersyet behandlingsplan? Ring til os, eller send os en e-mail via [&hellip;]<\/p>\n","protected":false},"author":2,"featured_media":0,"parent":0,"menu_order":0,"comment_status":"closed","ping_status":"closed","template":"","meta":{"_et_pb_use_builder":"on","_et_pb_old_content":"","_et_gb_content_width":"","inline_featured_image":false,"footnotes":""},"class_list":["post-1597","page","type-page","status-publish","hentry"],"_links":{"self":[{"href":"https:\/\/www.epiladerma.de\/da\/wp-json\/wp\/v2\/pages\/1597","targetHints":{"allow":["GET"]}}],"collection":[{"href":"https:\/\/www.epiladerma.de\/da\/wp-json\/wp\/v2\/pages"}],"about":[{"href":"https:\/\/www.epiladerma.de\/da\/wp-json\/wp\/v2\/types\/page"}],"author":[{"embeddable":true,"href":"https:\/\/www.epiladerma.de\/da\/wp-json\/wp\/v2\/users\/2"}],"replies":[{"embeddable":true,"href":"https:\/\/www.epiladerma.de\/da\/wp-json\/wp\/v2\/comments?post=1597"}],"version-history":[{"count":8,"href":"https:\/\/www.epiladerma.de\/da\/wp-json\/wp\/v2\/pages\/1597\/revisions"}],"predecessor-version":[{"id":2296,"href":"https:\/\/www.epiladerma.de\/da\/wp-json\/wp\/v2\/pages\/1597\/revisions\/2296"}],"wp:attachment":[{"href":"https:\/\/www.epiladerma.de\/da\/wp-json\/wp\/v2\/media?parent=1597"}],"curies":[{"name":"wp","href":"https:\/\/api.w.org\/{rel}","templated":true}]}}