{"id":1598,"date":"2024-04-30T11:45:04","date_gmt":"2024-04-30T09:45:04","guid":{"rendered":"https:\/\/epiladerma.styleinc.eu\/paatryk\/"},"modified":"2024-07-16T13:09:45","modified_gmt":"2024-07-16T11:09:45","slug":"kolofon","status":"publish","type":"page","link":"https:\/\/www.epiladerma.de\/da\/kolofon\/","title":{"rendered":"Kolofon"},"content":{"rendered":"<p>[et_pb_section fb_built=&#8221;1&#8243; custom_padding_last_edited=&#8221;on|phone&#8221; module_class=&#8221;inside-banner&#8221; _builder_version=&#8221;4.25.0&#8243; _module_preset=&#8221;default&#8221; use_background_color_gradient=&#8221;on&#8221; background_color_gradient_stops=&#8221;rgba(235,243,245,0.6) 0%|rgba(8,30,41,0.6) 100%&#8221; background_image=&#8221;https:\/\/www.epiladerma.de\/wp-content\/uploads\/2024\/05\/inside-page-banner.jpg&#8221; custom_padding=&#8221;386px||0px||false|false&#8221; custom_padding_tablet=&#8221;191px||0px||false|false&#8221; custom_padding_phone=&#8221;139px||||false|false&#8221; global_colors_info=&#8221;{}&#8221;][et_pb_row _builder_version=&#8221;4.25.0&#8243; _module_preset=&#8221;default&#8221; width=&#8221;90%&#8221; max_width=&#8221;90%&#8221; custom_padding=&#8221;0px||0px||true|false&#8221; custom_css_main_element=&#8221;overflow: hidden;&#8221; global_colors_info=&#8221;{}&#8221;][et_pb_column type=&#8221;4_4&#8243; _builder_version=&#8221;4.25.0&#8243; _module_preset=&#8221;default&#8221; global_colors_info=&#8221;{}&#8221;][et_pb_text _builder_version=&#8221;4.25.0&#8243; _dynamic_attributes=&#8221;content&#8221; _module_preset=&#8221;default&#8221; header_text_align=&#8221;center&#8221; header_text_color=&#8221;#FFFFFF&#8221; custom_margin=&#8221;||-21px||false|false&#8221; global_colors_info=&#8221;{}&#8221;]@ET-DC@eyJkeW5hbWljIjp0cnVlLCJjb250ZW50IjoicG9zdF90aXRsZSIsInNldHRpbmdzIjp7ImJlZm9yZSI6IjxoMT4iLCJhZnRlciI6IjwvaDE+IiwiZW5hYmxlX2h0bWwiOiJvZmYifX0=@[\/et_pb_text][\/et_pb_column][\/et_pb_row][\/et_pb_section][et_pb_section fb_built=&#8221;1&#8243; custom_padding_last_edited=&#8221;on|tablet&#8221; _builder_version=&#8221;4.25.0&#8243; _module_preset=&#8221;default&#8221; custom_padding=&#8221;150px||140px||false|false&#8221; custom_padding_tablet=&#8221;73px||73px||true|false&#8221; custom_padding_phone=&#8221;53px||53px||true|false&#8221; global_colors_info=&#8221;{}&#8221;][et_pb_row column_structure=&#8221;1_3,1_3,1_3&#8243; use_custom_gutter=&#8221;on&#8221; gutter_width=&#8221;1&#8243; make_equal=&#8221;on&#8221; custom_padding_last_edited=&#8221;on|tablet&#8221; _builder_version=&#8221;4.25.0&#8243; _module_preset=&#8221;default&#8221; width=&#8221;90%&#8221; width_tablet=&#8221;80%&#8221; width_phone=&#8221;80%&#8221; width_last_edited=&#8221;on|tablet&#8221; max_width=&#8221;90%&#8221; max_width_tablet=&#8221;80%&#8221; max_width_phone=&#8221;80%&#8221; max_width_last_edited=&#8221;on|tablet&#8221; custom_padding=&#8221;0px||60px||false|false&#8221; custom_padding_tablet=&#8221;0px||40px||false|false&#8221; custom_padding_phone=&#8221;0px||25px||false|false&#8221; border_width_bottom=&#8221;1px&#8221; border_color_bottom=&#8221;rgba(8,30,41,0.3)&#8221; global_colors_info=&#8221;{}&#8221;][et_pb_column type=&#8221;1_3&#8243; _builder_version=&#8221;4.25.0&#8243; _module_preset=&#8221;default&#8221; custom_padding=&#8221;|60px|||false|false&#8221; global_colors_info=&#8221;{}&#8221;][et_pb_text _builder_version=&#8221;4.25.0&#8243; _module_preset=&#8221;default&#8221; header_4_font=&#8221;||||||||&#8221; header_4_text_color=&#8221;#081E29&#8243; global_colors_info=&#8221;{}&#8221;]<\/p>\n<h5>Oplysninger i henhold til \u00a7 5 TMG<\/h5>\n<p>[\/et_pb_text][et_pb_text _builder_version=&#8221;4.25.0&#8243; _module_preset=&#8221;default&#8221; global_colors_info=&#8221;{}&#8221;]Carsten M\u00fcllegger<br \/>\nepilaDerma<br \/>\nJarplunder Weg 34,<br \/>\n24976 Handewitt[\/et_pb_text][\/et_pb_column][et_pb_column type=&#8221;1_3&#8243; _builder_version=&#8221;4.25.0&#8243; _module_preset=&#8221;default&#8221; custom_padding=&#8221;|60px||60px|false|true&#8221; custom_padding_tablet=&#8221;30px|0px|30px|0px|true|true&#8221; custom_padding_phone=&#8221;20px||20px||true|true&#8221; custom_padding_last_edited=&#8221;on|tablet&#8221; border_width_right=&#8221;1px&#8221; border_color_right=&#8221;rgba(8,30,41,0.36)&#8221; border_width_left=&#8221;1px&#8221; border_color_left=&#8221;rgba(8,30,41,0.3)&#8221; border_width_right_tablet=&#8221;0px&#8221; border_width_right_phone=&#8221;0px&#8221; border_width_right_last_edited=&#8221;on|tablet&#8221; border_width_left_tablet=&#8221;0px&#8221; border_width_left_phone=&#8221;0px&#8221; border_width_left_last_edited=&#8221;on|tablet&#8221; global_colors_info=&#8221;{}&#8221;][et_pb_text _builder_version=&#8221;4.25.0&#8243; _module_preset=&#8221;default&#8221; header_4_font=&#8221;||||||||&#8221; header_4_text_color=&#8221;#07A0C3&#8243; global_colors_info=&#8221;{}&#8221;]<\/p>\n<h5>Kontakt os<\/h5>\n<p>[\/et_pb_text][et_pb_text _builder_version=&#8221;4.25.0&#8243; _module_preset=&#8221;default&#8221; custom_margin=&#8221;||42px||false|false&#8221; custom_margin_tablet=&#8221;||30px||false|false&#8221; custom_margin_phone=&#8221;||20px||false|false&#8221; custom_margin_last_edited=&#8221;on|tablet&#8221; global_colors_info=&#8221;{}&#8221;]<\/p>\n<p><strong>Telefon:<\/strong> <a href=\"tel:+492046082%204608%9\">+49 4608 2164149<\/a><br \/><strong>e-mail:<\/strong> <a href=\"mailto:info@epiladerma.de\">info@epiladerma.de<\/a><\/p>\n<p>[\/et_pb_text][et_pb_text _builder_version=&#8221;4.25.0&#8243; _module_preset=&#8221;default&#8221; header_4_font=&#8221;||||||||&#8221; header_4_text_color=&#8221;#07A0C3&#8243; global_colors_info=&#8221;{}&#8221;]<\/p>\n<h5>Salgsafgifts-ID<\/h5>\n<p>[\/et_pb_text][et_pb_text _builder_version=&#8221;4.25.0&#8243; _module_preset=&#8221;default&#8221; global_colors_info=&#8221;{}&#8221;]<\/p>\n<p>Momsidentifikationsnummer i henhold til \u00a7 27 a i momsloven:<br \/><strong>DE812539193<\/strong><\/p>\n<p>[\/et_pb_text][\/et_pb_column][et_pb_column type=&#8221;1_3&#8243; _builder_version=&#8221;4.25.0&#8243; _module_preset=&#8221;default&#8221; custom_padding=&#8221;|||60px|false|false&#8221; custom_padding_tablet=&#8221;|||0px|false|false&#8221; custom_padding_phone=&#8221;|||0px|false|false&#8221; custom_padding_last_edited=&#8221;on|tablet&#8221; global_colors_info=&#8221;{}&#8221;][et_pb_text _builder_version=&#8221;4.25.0&#8243; _module_preset=&#8221;default&#8221; header_4_font=&#8221;||||||||&#8221; header_4_text_color=&#8221;#07A0C3&#8243; global_colors_info=&#8221;{}&#8221;]<\/p>\n<h5>Koncept og udvikling<\/h5>\n<p>[\/et_pb_text][et_pb_text _builder_version=&#8221;4.25.0&#8243; _module_preset=&#8221;default&#8221; global_colors_info=&#8221;{}&#8221;]<\/p>\n<p><strong>Style Inc. &#8211; Bj\u00f6rn B\u00fcrke<\/strong><br \/>Waldweg 12b<br \/>24976 Handewitt<br \/><strong>Web:<\/strong> <a href=\"https:\/\/styleinc.eu\/\" target=\"_blank\" rel=\"noopener\">www.styleinc.eu<\/a><\/p>\n<p>[\/et_pb_text][\/et_pb_column][\/et_pb_row][et_pb_row use_custom_gutter=&#8221;on&#8221; gutter_width=&#8221;1&#8243; make_equal=&#8221;on&#8221; custom_padding_last_edited=&#8221;on|tablet&#8221; _builder_version=&#8221;4.25.0&#8243; _module_preset=&#8221;default&#8221; width=&#8221;90%&#8221; width_tablet=&#8221;80%&#8221; width_phone=&#8221;80%&#8221; width_last_edited=&#8221;on|tablet&#8221; max_width=&#8221;90%&#8221; max_width_tablet=&#8221;80%&#8221; max_width_phone=&#8221;80%&#8221; max_width_last_edited=&#8221;on|tablet&#8221; custom_padding=&#8221;50px||51px||false|false&#8221; custom_padding_tablet=&#8221;30px||30px||true|false&#8221; custom_padding_phone=&#8221;20px||20px||true|false&#8221; border_width_bottom=&#8221;1px&#8221; border_color_bottom=&#8221;rgba(8,30,41,0.3)&#8221; global_colors_info=&#8221;{}&#8221;][et_pb_column type=&#8221;4_4&#8243; _builder_version=&#8221;4.25.0&#8243; _module_preset=&#8221;default&#8221; custom_padding=&#8221;||||false|false&#8221; global_colors_info=&#8221;{}&#8221;][et_pb_text _builder_version=&#8221;4.25.0&#8243; _module_preset=&#8221;default&#8221; header_4_font=&#8221;||||||||&#8221; header_4_text_color=&#8221;#07A0C3&#8243; global_colors_info=&#8221;{}&#8221;]<\/p>\n<h5>EU-tvistbil\u00e6ggelse<\/h5>\n<p>[\/et_pb_text][et_pb_text _builder_version=&#8221;4.25.0&#8243; _module_preset=&#8221;default&#8221; global_colors_info=&#8221;{}&#8221;]Europa-Kommissionen stiller en platform til r\u00e5dighed for onlinetvistbil\u00e6ggelse (OS): https:\/\/ec.europa.eu\/consumers\/odr. Du kan finde vores e-mailadresse i den juridiske meddelelse ovenfor.[\/et_pb_text][\/et_pb_column][\/et_pb_row][et_pb_row use_custom_gutter=&#8221;on&#8221; gutter_width=&#8221;1&#8243; make_equal=&#8221;on&#8221; custom_padding_last_edited=&#8221;on|tablet&#8221; _builder_version=&#8221;4.25.0&#8243; _module_preset=&#8221;default&#8221; width=&#8221;90%&#8221; width_tablet=&#8221;80%&#8221; width_phone=&#8221;80%&#8221; width_last_edited=&#8221;on|tablet&#8221; max_width=&#8221;90%&#8221; max_width_tablet=&#8221;80%&#8221; max_width_phone=&#8221;80%&#8221; max_width_last_edited=&#8221;on|tablet&#8221; custom_padding=&#8221;50px||0px||false|false&#8221; custom_padding_tablet=&#8221;30px||||false|false&#8221; custom_padding_phone=&#8221;20px||||false|false&#8221; border_color_bottom=&#8221;#081E29&#8243; global_colors_info=&#8221;{}&#8221;][et_pb_column type=&#8221;4_4&#8243; _builder_version=&#8221;4.25.0&#8243; _module_preset=&#8221;default&#8221; custom_padding=&#8221;||||false|false&#8221; global_colors_info=&#8221;{}&#8221;][et_pb_text _builder_version=&#8221;4.25.0&#8243; _module_preset=&#8221;default&#8221; header_4_font=&#8221;||||||||&#8221; header_4_text_color=&#8221;#07A0C3&#8243; global_colors_info=&#8221;{}&#8221;]<\/p>\n<h5>Center for l\u00f8sning af forbrugertvister\/universel voldgift<\/h5>\n<p>[\/et_pb_text][et_pb_text _builder_version=&#8221;4.25.0&#8243; _module_preset=&#8221;default&#8221; global_colors_info=&#8221;{}&#8221;]Vi er ikke villige eller forpligtede til at deltage i tvistbil\u00e6ggelsesprocedurer ved et forbrugervoldgiftsn\u00e6vn.[\/et_pb_text][et_pb_text _builder_version=&#8221;4.25.0&#8243; _module_preset=&#8221;default&#8221; header_6_text_color=&#8221;#07A0C3&#8243; custom_margin=&#8221;23px||||false|false&#8221; custom_margin_tablet=&#8221;23px||||false|false&#8221; custom_margin_phone=&#8221;20px||||false|false&#8221; custom_margin_last_edited=&#8221;on|phone&#8221; global_colors_info=&#8221;{}&#8221;]<\/p>\n<h6>Ansvar for indhold<\/h6>\n<p>[\/et_pb_text][et_pb_text _builder_version=&#8221;4.25.0&#8243; _module_preset=&#8221;default&#8221; global_colors_info=&#8221;{}&#8221;]<\/p>\n<p>Som tjenesteudbyder er vi i henhold til \u00a7 7, stk. 1, forpligtet til at TMG er ansvarlig for sit eget indhold p\u00e5 disse sider i henhold til de generelle love. I henhold til \u00a7\u00a7 8 til 10 TMG er vi som tjenesteudbyder dog ikke forpligtet til at overv\u00e5ge transmitterede eller lagrede tredjepartsoplysninger eller til at unders\u00f8ge omst\u00e6ndigheder, der tyder p\u00e5 ulovlig aktivitet.<\/p>\n<p>Forpligtelser til at fjerne eller blokere brugen af oplysninger i overensstemmelse med generel lovgivning forbliver up\u00e5virket af dette. Ansvar i denne henseende er dog kun muligt fra det tidspunkt, hvor man f\u00e5r kendskab til en specifik overtr\u00e6delse. S\u00e5 snart vi bliver opm\u00e6rksomme p\u00e5 s\u00e5danne overtr\u00e6delser, vil vi straks fjerne dette indhold.<\/p>\n<p>[\/et_pb_text][et_pb_text _builder_version=&#8221;4.25.0&#8243; _module_preset=&#8221;default&#8221; header_6_text_color=&#8221;#07A0C3&#8243; custom_margin=&#8221;23px||||false|false&#8221; custom_margin_tablet=&#8221;23px||||false|false&#8221; custom_margin_phone=&#8221;20px||||false|false&#8221; custom_margin_last_edited=&#8221;on|phone&#8221; global_colors_info=&#8221;{}&#8221;]<\/p>\n<h6>Ansvar for links<\/h6>\n<p>[\/et_pb_text][et_pb_text _builder_version=&#8221;4.25.0&#8243; _module_preset=&#8221;default&#8221; global_colors_info=&#8221;{}&#8221;]<\/p>\n<p>Vores hjemmeside indeholder links til eksterne tredjepartswebsteder, hvis indhold vi ikke har nogen indflydelse p\u00e5. Derfor kan vi ikke p\u00e5tage os noget ansvar for dette tredjepartsindhold. Den respektive udbyder eller operat\u00f8r af siderne er altid ansvarlig for indholdet af de linkede sider. De linkede sider blev kontrolleret for mulige lovovertr\u00e6delser p\u00e5 tidspunktet for linkningen. Ulovligt indhold var ikke genkendeligt p\u00e5 tidspunktet for sammenk\u00e6dningen.<\/p>\n<p>Permanent overv\u00e5gning af indholdet p\u00e5 de linkede sider er dog ikke rimelig uden konkrete beviser for en overtr\u00e6delse. Hvis vi bliver opm\u00e6rksomme p\u00e5 lovovertr\u00e6delser, vil vi straks fjerne s\u00e5danne links.<\/p>\n<p>[\/et_pb_text][et_pb_text _builder_version=&#8221;4.25.0&#8243; _module_preset=&#8221;default&#8221; header_6_text_color=&#8221;#07A0C3&#8243; custom_margin=&#8221;23px||||false|false&#8221; custom_margin_tablet=&#8221;23px||||false|false&#8221; custom_margin_phone=&#8221;20px||||false|false&#8221; custom_margin_last_edited=&#8221;on|phone&#8221; global_colors_info=&#8221;{}&#8221;]<\/p>\n<h6>Ophavsret<\/h6>\n<p>[\/et_pb_text][et_pb_text _builder_version=&#8221;4.25.0&#8243; _module_preset=&#8221;default&#8221; global_colors_info=&#8221;{}&#8221;]<\/p>\n<p>Indholdet og v\u00e6rkerne, der er skabt af webstedsoperat\u00f8rerne p\u00e5 disse sider, er underlagt tysk lov om ophavsret. Reproduktion, redigering, distribution og enhver form for anvendelse uden for gr\u00e6nserne af ophavsretsloven kr\u00e6ver skriftligt samtykke fra den respektive forfatter eller skaber. Downloads og kopier af dette websted er kun tilladt til privat, ikke-kommerciel brug.<\/p>\n<p>For s\u00e5 vidt som indholdet p\u00e5 dette websted ikke er skabt af operat\u00f8ren, respekteres tredjeparts ophavsret. Is\u00e6r tredjepartsindhold er m\u00e6rket som s\u00e5dan. Hvis du alligevel bliver opm\u00e6rksom p\u00e5 en kr\u00e6nkelse af ophavsretten, bedes du informere os om det. Hvis vi bliver opm\u00e6rksomme p\u00e5 juridiske overtr\u00e6delser, vil vi straks fjerne s\u00e5dant indhold.<\/p>\n<p>[\/et_pb_text][\/et_pb_column][\/et_pb_row][\/et_pb_section]<\/p>\n","protected":false},"excerpt":{"rendered":"<p>Oplysninger i henhold til \u00a7 5 TMGCarsten M\u00fcllegger epilaDerma Jarplunder Weg 34, 24976 HandewittKontakt osTelefon: +49 4608 2164149e-mail: info@epiladerma.deSalgsafgifts-IDMomsidentifikationsnummer i henhold til \u00a7 27 a i momsloven:DE812539193Koncept og udviklingStyle Inc. &#8211; Bj\u00f6rn B\u00fcrkeWaldweg 12b24976 HandewittWeb: www.styleinc.euEU-tvistbil\u00e6ggelseEuropa-Kommissionen stiller en platform til r\u00e5dighed for onlinetvistbil\u00e6ggelse (OS): https:\/\/ec.europa.eu\/consumers\/odr. Du kan finde vores e-mailadresse i den juridiske meddelelse ovenfor.Center [&hellip;]<\/p>\n","protected":false},"author":2,"featured_media":0,"parent":0,"menu_order":0,"comment_status":"closed","ping_status":"closed","template":"","meta":{"_et_pb_use_builder":"on","_et_pb_old_content":"","_et_gb_content_width":"","inline_featured_image":false,"footnotes":""},"class_list":["post-1598","page","type-page","status-publish","hentry"],"_links":{"self":[{"href":"https:\/\/www.epiladerma.de\/da\/wp-json\/wp\/v2\/pages\/1598","targetHints":{"allow":["GET"]}}],"collection":[{"href":"https:\/\/www.epiladerma.de\/da\/wp-json\/wp\/v2\/pages"}],"about":[{"href":"https:\/\/www.epiladerma.de\/da\/wp-json\/wp\/v2\/types\/page"}],"author":[{"embeddable":true,"href":"https:\/\/www.epiladerma.de\/da\/wp-json\/wp\/v2\/users\/2"}],"replies":[{"embeddable":true,"href":"https:\/\/www.epiladerma.de\/da\/wp-json\/wp\/v2\/comments?post=1598"}],"version-history":[{"count":4,"href":"https:\/\/www.epiladerma.de\/da\/wp-json\/wp\/v2\/pages\/1598\/revisions"}],"predecessor-version":[{"id":2325,"href":"https:\/\/www.epiladerma.de\/da\/wp-json\/wp\/v2\/pages\/1598\/revisions\/2325"}],"wp:attachment":[{"href":"https:\/\/www.epiladerma.de\/da\/wp-json\/wp\/v2\/media?parent=1598"}],"curies":[{"name":"wp","href":"https:\/\/api.w.org\/{rel}","templated":true}]}}