{"id":3125,"date":"2025-07-24T14:33:17","date_gmt":"2025-07-24T12:33:17","guid":{"rendered":"https:\/\/www.epiladerma.de\/landing-af-nisv-certificering\/"},"modified":"2025-09-02T15:04:22","modified_gmt":"2025-09-02T13:04:22","slug":"landing-af-nisv-certificering","status":"publish","type":"page","link":"https:\/\/www.epiladerma.de\/da\/landing-af-nisv-certificering\/","title":{"rendered":"NiSV-certificering"},"content":{"rendered":"<p>[et_pb_section fb_built=&#8221;1&#8243; custom_padding_last_edited=&#8221;on|tablet&#8221; module_class=&#8221;nisv-hero-section&#8221; _builder_version=&#8221;4.27.4&#8243; _module_preset=&#8221;default&#8221; background_enable_color=&#8221;off&#8221; use_background_color_gradient=&#8221;on&#8221; background_color_gradient_stops=&#8221;rgba(235,243,245,0.75) 0%|rgba(187,222,240,0.6) 100%&#8221; custom_padding=&#8221;250px||150px||false|false&#8221; custom_padding_tablet=&#8221;185px||100px||false|false&#8221; custom_padding_phone=&#8221;103px||60px||false|false&#8221; collapsed=&#8221;off&#8221; global_colors_info=&#8221;{%22gcid-57d11f15-cc73-4093-8808-a4c8524a838e%22:%91%22background_color%22%93}&#8221;][et_pb_row use_custom_gutter=&#8221;on&#8221; gutter_width=&#8221;1&#8243; make_equal=&#8221;on&#8221; _builder_version=&#8221;4.27.4&#8243; _module_preset=&#8221;default&#8221; width=&#8221;94%&#8221; width_tablet=&#8221;80%&#8221; width_phone=&#8221;80%&#8221; width_last_edited=&#8221;on|tablet&#8221; max_width=&#8221;94%&#8221; custom_padding=&#8221;0px||0px||true|false&#8221; global_colors_info=&#8221;{}&#8221;][et_pb_column type=&#8221;4_4&#8243; _builder_version=&#8221;4.27.4&#8243; _module_preset=&#8221;default&#8221; global_colors_info=&#8221;{}&#8221;][et_pb_image src=&#8221;https:\/\/www.epiladerma.de\/wp-content\/uploads\/2025\/07\/NISV-Badge.svg&#8221; title_text=&#8221;NISV-Badge&#8221; _builder_version=&#8221;4.27.4&#8243; _module_preset=&#8221;default&#8221; max_width=&#8221;200px&#8221; max_width_tablet=&#8221;200px&#8221; max_width_phone=&#8221;120px&#8221; max_width_last_edited=&#8221;on|tablet&#8221; module_alignment=&#8221;center&#8221; custom_margin=&#8221;||14px||false|false&#8221; custom_margin_tablet=&#8221;||19px||false|false&#8221; custom_margin_phone=&#8221;||18px||false|false&#8221; custom_margin_last_edited=&#8221;on|tablet&#8221; animation_style=&#8221;slide&#8221; animation_direction=&#8221;bottom&#8221; animation_intensity_slide=&#8221;5%&#8221; global_colors_info=&#8221;{}&#8221;][\/et_pb_image][et_pb_text _builder_version=&#8221;4.27.4&#8243; _module_preset=&#8221;default&#8221; header_text_align=&#8221;center&#8221; custom_margin=&#8221;||11px||false|false&#8221; custom_margin_tablet=&#8221;||5px||false|false&#8221; custom_margin_phone=&#8221;||5px||false|false&#8221; custom_margin_last_edited=&#8221;on|tablet&#8221; animation_style=&#8221;slide&#8221; animation_direction=&#8221;bottom&#8221; animation_intensity_slide=&#8221;5%&#8221; global_colors_info=&#8221;{}&#8221;]<\/p>\n<h1>NiSV-certificeret &#8211;<br \/><span>Din sikkerhed hos epilaDerma<\/span><\/h1>\n<p>[\/et_pb_text][et_pb_text _builder_version=&#8221;4.27.4&#8243; _module_preset=&#8221;default&#8221; header_6_text_align=&#8221;center&#8221; custom_margin=&#8221;||32px||false|false&#8221; custom_margin_tablet=&#8221;||23px||false|false&#8221; custom_margin_phone=&#8221;||23px||false|false&#8221; custom_margin_last_edited=&#8221;on|tablet&#8221; animation_style=&#8221;slide&#8221; animation_direction=&#8221;bottom&#8221; animation_intensity_slide=&#8221;5%&#8221; global_colors_info=&#8221;{}&#8221;]<\/p>\n<h6>Professionel h\u00e5rfjerning med NiSV-certificering<\/h6>\n<p>[\/et_pb_text][et_pb_button button_url=&#8221;\/da\/kontakt\/&#8221; button_text=&#8221;F\u00e5 gratis r\u00e5dgivning nu&#8221; button_alignment=&#8221;center&#8221; _builder_version=&#8221;4.27.4&#8243; _module_preset=&#8221;default&#8221; animation_style=&#8221;slide&#8221; animation_direction=&#8221;bottom&#8221; animation_intensity_slide=&#8221;5%&#8221; global_colors_info=&#8221;{}&#8221;][\/et_pb_button][\/et_pb_column][\/et_pb_row][\/et_pb_section][et_pb_section fb_built=&#8221;1&#8243; custom_padding_last_edited=&#8221;on|tablet&#8221; module_class=&#8221;nisv-trust-section&#8221; _builder_version=&#8221;4.27.4&#8243; _module_preset=&#8221;default&#8221; custom_padding=&#8221;150px||150px||true|false&#8221; custom_padding_tablet=&#8221;80px||80px||true|false&#8221; custom_padding_phone=&#8221;60px||60px||true|false&#8221; collapsed=&#8221;on&#8221; global_colors_info=&#8221;{}&#8221;][et_pb_row column_structure=&#8221;1_2,1_2&#8243; use_custom_gutter=&#8221;on&#8221; make_equal=&#8221;on&#8221; _builder_version=&#8221;4.27.4&#8243; _module_preset=&#8221;default&#8221; custom_padding=&#8221;0px||0px||true|false&#8221; custom_css_main_element=&#8221;align-items: center;&#8221; global_colors_info=&#8221;{}&#8221;][et_pb_column type=&#8221;1_2&#8243; _builder_version=&#8221;4.27.4&#8243; _module_preset=&#8221;default&#8221; custom_padding=&#8221;||110px||false|false&#8221; global_colors_info=&#8221;{}&#8221;][et_pb_image src=&#8221;https:\/\/www.epiladerma.de\/wp-content\/uploads\/2025\/07\/High-Frequency-Devices.jpg&#8221; title_text=&#8221;High-Frequency-Devices&#8221; module_class=&#8221;nisv-trust-img1&#8243; _builder_version=&#8221;4.27.4&#8243; _module_preset=&#8221;default&#8221; max_width_tablet=&#8221;&#8221; max_width_phone=&#8221;85%&#8221; max_width_last_edited=&#8221;on|phone&#8221; custom_margin=&#8221;||0px||false|false&#8221; animation_style=&#8221;slide&#8221; animation_direction=&#8221;bottom&#8221; animation_intensity_slide=&#8221;2%&#8221; border_radii=&#8221;on|15px|15px|15px|15px&#8221; global_colors_info=&#8221;{}&#8221;][\/et_pb_image][et_pb_image src=&#8221;https:\/\/www.epiladerma.de\/wp-content\/uploads\/2025\/07\/Trained-Certified-Specialist-Staff.jpg&#8221; title_text=&#8221;Trained-&#038;-Certified-Specialist-Staff&#8221; module_class=&#8221;nisv-trust-img2&#8243; _builder_version=&#8221;4.27.4&#8243; _module_preset=&#8221;default&#8221; positioning=&#8221;absolute&#8221; position_origin_a=&#8221;bottom_right&#8221; horizontal_offset=&#8221;13%&#8221; horizontal_offset_tablet=&#8221;0%&#8221; horizontal_offset_phone=&#8221;0%&#8221; horizontal_offset_last_edited=&#8221;on|tablet&#8221; max_width=&#8221;60%&#8221; max_width_tablet=&#8221;60%&#8221; max_width_phone=&#8221;70%&#8221; max_width_last_edited=&#8221;on|phone&#8221; border_radii=&#8221;on|15px|15px|15px|15px&#8221; global_colors_info=&#8221;{}&#8221;][\/et_pb_image][\/et_pb_column][et_pb_column type=&#8221;1_2&#8243; _builder_version=&#8221;4.27.4&#8243; _module_preset=&#8221;default&#8221; global_colors_info=&#8221;{}&#8221;][et_pb_image src=&#8221;https:\/\/www.epiladerma.de\/wp-content\/uploads\/2025\/07\/NISV-Trust-1.svg&#8221; title_text=&#8221;NISV-Trust&#8221; _builder_version=&#8221;4.27.4&#8243; _module_preset=&#8221;default&#8221; max_width=&#8221;200px&#8221; max_width_tablet=&#8221;200px&#8221; max_width_phone=&#8221;120px&#8221; max_width_last_edited=&#8221;on|tablet&#8221; custom_margin=&#8221;||45px||false|false&#8221; custom_margin_tablet=&#8221;30px||33px||false|false&#8221; custom_margin_phone=&#8221;10px||24px||false|false&#8221; custom_margin_last_edited=&#8221;on|tablet&#8221; animation_style=&#8221;slide&#8221; animation_direction=&#8221;bottom&#8221; animation_intensity_slide=&#8221;5%&#8221; global_colors_info=&#8221;{}&#8221;][\/et_pb_image][et_pb_text _builder_version=&#8221;4.27.4&#8243; _module_preset=&#8221;default&#8221; animation_style=&#8221;slide&#8221; animation_direction=&#8221;bottom&#8221; animation_intensity_slide=&#8221;2%&#8221; global_colors_info=&#8221;{}&#8221;]<\/p>\n<ul>\n<li>Sikker anvendelse af h\u00f8jfrekvente apparater (f.eks. IPL, laser)<\/li>\n<li>Behandlinger udelukkende af uddannede og certificerede specialister<\/li>\n<li>&#8220;Bekendtg\u00f8relse om beskyttelse mod skadelige virkninger af ikke-ioniserende str\u00e5ling ved anvendelse p\u00e5 mennesker&#8221; (NiSV) regulerer den professionelle brug af laser- og lysteknologier i kosmetik.<\/li>\n<li>Gennemsigtig information og dokumentation f\u00f8r hver behandling<\/li>\n<\/ul>\n<p>[\/et_pb_text][\/et_pb_column][\/et_pb_row][\/et_pb_section][et_pb_section fb_built=&#8221;1&#8243; custom_padding_last_edited=&#8221;on|tablet&#8221; _builder_version=&#8221;4.27.4&#8243; _module_preset=&#8221;default&#8221; custom_padding=&#8221;0px||150px||false|false&#8221; custom_padding_tablet=&#8221;||80px||false|false&#8221; custom_padding_phone=&#8221;||60px||false|false&#8221; collapsed=&#8221;off&#8221; global_colors_info=&#8221;{}&#8221;][et_pb_row column_structure=&#8221;1_2,1_2&#8243; use_custom_gutter=&#8221;on&#8221; gutter_width=&#8221;1&#8243; make_equal=&#8221;on&#8221; module_class=&#8221;about-nisv-row&#8221; _builder_version=&#8221;4.27.4&#8243; _module_preset=&#8221;default&#8221; width=&#8221;94%&#8221; width_tablet=&#8221;80%&#8221; width_phone=&#8221;80%&#8221; width_last_edited=&#8221;on|tablet&#8221; max_width=&#8221;94%&#8221; custom_padding=&#8221;0px||0px||true|false&#8221; hover_enabled=&#8221;0&#8243; global_colors_info=&#8221;{}&#8221; sticky_enabled=&#8221;0&#8243;][et_pb_column type=&#8221;1_2&#8243; module_class=&#8221;about-nisv-content&#8221; _builder_version=&#8221;4.27.4&#8243; _module_preset=&#8221;default&#8221; background_color=&#8221;gcid-primary-color&#8221; custom_padding=&#8221;290px|120px|280px|90px|false|false&#8221; custom_padding_tablet=&#8221;69px|50px|63px|50px|false|true&#8221; custom_padding_phone=&#8221;50px|30px|43px|30px|false|true&#8221; custom_padding_last_edited=&#8221;on|tablet&#8221; border_radii=&#8221;off|15px|||15px&#8221; border_radii_tablet=&#8221;off|15px|15px||0px&#8221; border_radii_phone=&#8221;off|15px|15px||0px&#8221; border_radii_last_edited=&#8221;on|tablet&#8221; global_colors_info=&#8221;{%22gcid-primary-color%22:%91%22background_color%22%93}&#8221;][et_pb_text _builder_version=&#8221;4.27.4&#8243; _module_preset=&#8221;default&#8221; header_2_text_color=&#8221;#FFFFFF&#8221; header_3_text_color=&#8221;#FFFFFF&#8221; custom_margin=&#8221;||7px||false|false&#8221; animation_style=&#8221;slide&#8221; animation_direction=&#8221;bottom&#8221; animation_intensity_slide=&#8221;5%&#8221; global_colors_info=&#8221;{}&#8221;]<\/p>\n<h2>Hvad er NiSV?<\/h2>\n<p>[\/et_pb_text][et_pb_text _builder_version=&#8221;4.27.4&#8243; _module_preset=&#8221;default&#8221; text_text_color=&#8221;#FFFFFF&#8221; custom_margin=&#8221;||18px||false|false&#8221; animation_style=&#8221;slide&#8221; animation_direction=&#8221;bottom&#8221; animation_intensity_slide=&#8221;5%&#8221; global_colors_info=&#8221;{}&#8221;]H\u00f8jeste standarder for hudkompatibilitet og kundebeskyttelse[\/et_pb_text][et_pb_text _builder_version=&#8221;4.27.4&#8243; _module_preset=&#8221;default&#8221; header_6_text_color=&#8221;#FFFFFF&#8221; animation_style=&#8221;slide&#8221; animation_direction=&#8221;bottom&#8221; animation_intensity_slide=&#8221;5%&#8221; global_colors_info=&#8221;{}&#8221;]<\/p>\n<h6>NiSV-certificering har v\u00e6ret et lovkrav siden 2023 &#8211; og et tydeligt tegn p\u00e5 kvalitet.<\/h6>\n<p>[\/et_pb_text][\/et_pb_column][et_pb_column type=&#8221;1_2&#8243; _builder_version=&#8221;4.27.4&#8243; _module_preset=&#8221;default&#8221; background_image=&#8221;https:\/\/www.epiladerma.de\/wp-content\/uploads\/2024\/05\/abt-img-ph.jpg&#8221; hover_enabled=&#8221;0&#8243; border_radii=&#8221;off||15px|15px|&#8221; border_radii_tablet=&#8221;off||0px|15px|15px&#8221; border_radii_phone=&#8221;off||0px|15px|15px&#8221; border_radii_last_edited=&#8221;on|tablet&#8221; global_colors_info=&#8221;{}&#8221; custom_css_main_element_last_edited=&#8221;on|tablet&#8221; custom_css_main_element_tablet=&#8221;display: block !important;||height: 500px;&#8221; custom_css_main_element_phone=&#8221;height: 280px;||display: block !important;&#8221; sticky_enabled=&#8221;0&#8243;][\/et_pb_column][\/et_pb_row][et_pb_row custom_padding_last_edited=&#8221;on|tablet&#8221; _builder_version=&#8221;4.27.4&#8243; _module_preset=&#8221;default&#8221; max_width=&#8221;900px&#8221; custom_padding=&#8221;150px||132px||false|false&#8221; custom_padding_tablet=&#8221;80px||63px||false|false&#8221; custom_padding_phone=&#8221;60px||43px||false|false&#8221; global_colors_info=&#8221;{}&#8221;][et_pb_column type=&#8221;4_4&#8243; _builder_version=&#8221;4.27.4&#8243; _module_preset=&#8221;default&#8221; global_colors_info=&#8221;{}&#8221;][et_pb_image src=&#8221;https:\/\/www.epiladerma.de\/wp-content\/uploads\/2025\/07\/quote-blue.svg&#8221; title_text=&#8221;quote-blue&#8221; _builder_version=&#8221;4.27.4&#8243; _module_preset=&#8221;default&#8221; max_width=&#8221;120px&#8221; max_width_tablet=&#8221;100px&#8221; max_width_phone=&#8221;70px&#8221; max_width_last_edited=&#8221;on|tablet&#8221; module_alignment=&#8221;center&#8221; custom_margin=&#8221;||37px||false|false&#8221; custom_margin_tablet=&#8221;||28px||false|false&#8221; custom_margin_phone=&#8221;||21px||false|false&#8221; custom_margin_last_edited=&#8221;on|tablet&#8221; animation_style=&#8221;slide&#8221; animation_direction=&#8221;bottom&#8221; animation_intensity_slide=&#8221;5%&#8221; global_colors_info=&#8221;{}&#8221;][\/et_pb_image][et_pb_text _builder_version=&#8221;4.27.4&#8243; _module_preset=&#8221;default&#8221; header_2_text_align=&#8221;center&#8221; header_3_text_align=&#8221;center&#8221; custom_margin=&#8221;||53px||false|false&#8221; custom_margin_tablet=&#8221;||33px||false|false&#8221; custom_margin_phone=&#8221;||15px||false|false&#8221; custom_margin_last_edited=&#8221;on|tablet&#8221; animation_style=&#8221;slide&#8221; animation_direction=&#8221;bottom&#8221; animation_intensity_slide=&#8221;5%&#8221; global_colors_info=&#8221;{}&#8221;]<\/p>\n<h2>Vores kunder<\/h2>\n<p>[\/et_pb_text][et_pb_text _builder_version=&#8221;4.27.4&#8243; _module_preset=&#8221;default&#8221; header_6_text_align=&#8221;center&#8221; custom_margin=&#8221;||41px||false|false&#8221; custom_margin_tablet=&#8221;||23px||false|false&#8221; custom_margin_phone=&#8221;||13px||false|false&#8221; custom_margin_last_edited=&#8221;on|tablet&#8221; animation_style=&#8221;slide&#8221; animation_direction=&#8221;bottom&#8221; animation_intensity_slide=&#8221;5%&#8221; global_colors_info=&#8221;{}&#8221;]<\/p>\n<h6>Du fortjener ikke kun glat hud, men ogs\u00e5 maksimal sikkerhed. Derfor var NiSV-certificering en selvf\u00f8lge for os. <\/h6>\n<p>[\/et_pb_text][et_pb_text _builder_version=&#8221;4.27.4&#8243; _module_preset=&#8221;default&#8221; header_4_text_align=&#8221;center&#8221; header_4_text_color=&#8221;#07A0C3&#8243; header_5_font=&#8221;|600|||||||&#8221; header_5_text_align=&#8221;center&#8221; header_5_text_color=&#8221;gcid-primary-color&#8221; custom_padding=&#8221;30px||||false|false&#8221; custom_padding_tablet=&#8221;22px||||false|false&#8221; custom_padding_phone=&#8221;22px||||false|false&#8221; custom_padding_last_edited=&#8221;on|tablet&#8221; animation_style=&#8221;slide&#8221; animation_direction=&#8221;bottom&#8221; animation_intensity_slide=&#8221;5%&#8221; border_width_top=&#8221;1px&#8221; border_color_top=&#8221;rgba(8,30,41,0.3)&#8221; global_colors_info=&#8221;{%22gcid-primary-color%22:%91%22header_5_text_color%22%93}&#8221;]<\/p>\n<h5>Dit Epiladerma-team<\/h5>\n<p>[\/et_pb_text][\/et_pb_column][\/et_pb_row][et_pb_row use_custom_gutter=&#8221;on&#8221; gutter_width=&#8221;1&#8243; custom_padding_last_edited=&#8221;on|tablet&#8221; _builder_version=&#8221;4.27.4&#8243; _module_preset=&#8221;default&#8221; background_color=&#8221;gcid-901a796b-2c7a-4dc7-89e3-efb68f673ada&#8221; width=&#8221;94%&#8221; width_tablet=&#8221;80%&#8221; width_phone=&#8221;80%&#8221; width_last_edited=&#8221;on|tablet&#8221; max_width=&#8221;94%&#8221; custom_padding=&#8221;87px|60px|100px|60px|false|true&#8221; custom_padding_tablet=&#8221;60px|40px|80px|40px|false|true&#8221; custom_padding_phone=&#8221;52px|30px|60px|30px|false|true&#8221; border_radii=&#8221;on|15px|15px|15px|15px&#8221; global_colors_info=&#8221;{%22gcid-901a796b-2c7a-4dc7-89e3-efb68f673ada%22:%91%22background_color%22%93}&#8221;][et_pb_column type=&#8221;4_4&#8243; _builder_version=&#8221;4.27.4&#8243; _module_preset=&#8221;default&#8221; global_colors_info=&#8221;{}&#8221;][et_pb_text _builder_version=&#8221;4.27.4&#8243; _module_preset=&#8221;default&#8221; header_3_text_align=&#8221;center&#8221; max_width=&#8221;1200px&#8221; module_alignment=&#8221;center&#8221; custom_margin=&#8221;||12px||false|false&#8221; custom_margin_tablet=&#8221;||6px||false|false&#8221; custom_margin_phone=&#8221;||6px||false|false&#8221; custom_margin_last_edited=&#8221;on|tablet&#8221; animation_style=&#8221;slide&#8221; animation_direction=&#8221;bottom&#8221; animation_intensity_slide=&#8221;5%&#8221; global_colors_info=&#8221;{}&#8221;]<\/p>\n<h3>Hvorn\u00e5r l\u00e6gger du dig i vores h\u00e6nder?<\/h3>\n<p>[\/et_pb_text][et_pb_text _builder_version=&#8221;4.27.4&#8243; _module_preset=&#8221;default&#8221; text_orientation=&#8221;center&#8221; max_width=&#8221;1200px&#8221; module_alignment=&#8221;center&#8221; custom_margin=&#8221;||51px||false|false&#8221; custom_margin_tablet=&#8221;||33px||false|false&#8221; custom_margin_phone=&#8221;||33px||false|false&#8221; custom_margin_last_edited=&#8221;on|tablet&#8221; animation_style=&#8221;slide&#8221; animation_direction=&#8221;bottom&#8221; animation_intensity_slide=&#8221;5%&#8221; global_colors_info=&#8221;{}&#8221;]<\/p>\n<p>Vil du gerne tage springet og endelig slippe af med dit irriterende h\u00e5r? Har du stadig sp\u00f8rgsm\u00e5l, vil du gerne lave eller flytte en aftale? Eller har du allerede truffet en beslutning og har bare brug for en skr\u00e6ddersyet behandlingsplan? Ring til os, eller send os en e-mail via vores kontaktformular &#8211; en bl\u00f8d og glat hudf\u00f8lelse venter allerede p\u00e5 dig.<\/p>\n<p>[\/et_pb_text][et_pb_button button_url=&#8221;\/da\/kontakt\/&#8221; button_text=&#8221;F\u00e5 gratis r\u00e5dgivning nu&#8221; button_alignment=&#8221;center&#8221; _builder_version=&#8221;4.27.4&#8243; _module_preset=&#8221;default&#8221; custom_margin_tablet=&#8221;&#8221; custom_margin_phone=&#8221;|-10px||-10px|false|true&#8221; custom_margin_last_edited=&#8221;on|phone&#8221; animation_style=&#8221;slide&#8221; animation_direction=&#8221;bottom&#8221; animation_intensity_slide=&#8221;5%&#8221; global_colors_info=&#8221;{}&#8221;][\/et_pb_button][\/et_pb_column][\/et_pb_row][\/et_pb_section]<\/p>\n","protected":false},"excerpt":{"rendered":"<p>NiSV-certificeret -Din sikkerhed hos epilaDermaProfessionel h\u00e5rfjerning med NiSV-certificering Sikker anvendelse af h\u00f8jfrekvente apparater (f.eks. IPL, laser) Behandlinger udelukkende af uddannede og certificerede specialister &#8220;Bekendtg\u00f8relse om beskyttelse mod skadelige virkninger af ikke-ioniserende str\u00e5ling ved anvendelse p\u00e5 mennesker&#8221; (NiSV) regulerer den professionelle brug af laser- og lysteknologier i kosmetik. Gennemsigtig information og dokumentation f\u00f8r hver behandling Hvad [&hellip;]<\/p>\n","protected":false},"author":2,"featured_media":0,"parent":0,"menu_order":0,"comment_status":"closed","ping_status":"closed","template":"","meta":{"_et_pb_use_builder":"on","_et_pb_old_content":"","_et_gb_content_width":"","inline_featured_image":false,"footnotes":""},"class_list":["post-3125","page","type-page","status-publish","hentry"],"_links":{"self":[{"href":"https:\/\/www.epiladerma.de\/da\/wp-json\/wp\/v2\/pages\/3125","targetHints":{"allow":["GET"]}}],"collection":[{"href":"https:\/\/www.epiladerma.de\/da\/wp-json\/wp\/v2\/pages"}],"about":[{"href":"https:\/\/www.epiladerma.de\/da\/wp-json\/wp\/v2\/types\/page"}],"author":[{"embeddable":true,"href":"https:\/\/www.epiladerma.de\/da\/wp-json\/wp\/v2\/users\/2"}],"replies":[{"embeddable":true,"href":"https:\/\/www.epiladerma.de\/da\/wp-json\/wp\/v2\/comments?post=3125"}],"version-history":[{"count":5,"href":"https:\/\/www.epiladerma.de\/da\/wp-json\/wp\/v2\/pages\/3125\/revisions"}],"predecessor-version":[{"id":3208,"href":"https:\/\/www.epiladerma.de\/da\/wp-json\/wp\/v2\/pages\/3125\/revisions\/3208"}],"wp:attachment":[{"href":"https:\/\/www.epiladerma.de\/da\/wp-json\/wp\/v2\/media?parent=3125"}],"curies":[{"name":"wp","href":"https:\/\/api.w.org\/{rel}","templated":true}]}}